{"id":35,"date":"2020-02-18T15:24:23","date_gmt":"2020-02-18T15:24:23","guid":{"rendered":"https:\/\/brennberg.net-fx.de\/?page_id=35"},"modified":"2020-03-11T11:12:50","modified_gmt":"2020-03-11T11:12:50","slug":"impressum","status":"publish","type":"page","link":"https:\/\/hausarzt-brennberg.com\/index.php\/impressum\/","title":{"rendered":"Impressum"},"content":{"rendered":"\n<div class=\"wp-block-themeisle-blocks-advanced-columns has-1-columns has-desktop-equal-layout has-tablet-equal-layout has-mobile-equal-layout has-default-gap has-vertical-unset\" id=\"wp-block-themeisle-blocks-advanced-columns-80911c4e\"><div class=\"wp-block-themeisle-blocks-advanced-columns-overlay\"><\/div><div class=\"innerblocks-wrap\">\n<div class=\"wp-block-themeisle-blocks-advanced-column\" id=\"wp-block-themeisle-blocks-advanced-column-2d3ca55c\">\n<p><strong>Angaben nach \u00a75 TDG<\/strong><\/p>\n\n\n\n<p><strong>Dr. med. Jeannette Gr\u00e4bener-Kuhl<\/strong><br> Johannisstr. 5<br> 93179 Brennberg<\/p>\n\n\n\n<p><strong>Kontakt <\/strong><br> Telefon: 09484 \/ 355<br> Telefax: 09484 \/ 952140 <br> E-Mail: info@hausarzt-brennberg.com <\/p>\n\n\n\n<p class=\"has-small-font-size\">Sollten Sie sich per E-Mail an uns wenden, wird Ihre Mail vertraulich behandelt. Ihre Mail und die Antwort, die Sie von uns erhalten, werden vor\u00fcbergehend vorgehalten, soweit es der Fortgang der Korrespondenz erforderlich erscheinen l\u00e4sst. Sp\u00e4ter werden die E-Mails und Ihre pers\u00f6nlichen Angaben gel\u00f6scht.<\/p>\n\n\n\n<p class=\"has-small-font-size\">Wir bitten Sie aber, von der \u00dcbermittlung bzw. der Abfrage von pers\u00f6nlichen Daten wie z.B. Befunden per E-Mail abzusehen, sondern dies wie gehabt pers\u00f6nlich oder per Telefon durchzuf\u00fchren. Wir werden personenbezogene Anfragen per E-Mail aus Gr\u00fcnden des Datenschutzes und der Datensicherheit nicht beantworten. Wir bitten um Ihr Verst\u00e4ndnis.<\/p>\n\n\n\n<p><strong>Berufsbezeichnung und berufsrechtliche Regelungen<\/strong><br> Berufsbezeichnung: \u00c4rztin &#8211;  Fach\u00e4rztin f\u00fcr Allgemeinmedizin  (verliehen in der Bundesrepublik Deutschland)<\/p>\n\n\n\n<p>Zust\u00e4ndige Kammer: Landes\u00e4rztekammer Bayern<br> Es gelten folgende berufsrechtliche Regelungen: Berufsordnung f\u00fcr die \u00c4rzte Bayerns<br> Regelungen einsehbar unter: <a href=\"http:\/\/www.blaek.de\/\" target=\"_blank\" rel=\"noreferrer noopener\" aria-label=\" (\u00f6ffnet in neuem Tab)\">http:\/\/www.blaek.de\/<\/a><\/p>\n\n\n\n<p><strong>Aufsichtsbeh\u00f6rde<\/strong><br> Kassen\u00e4rztliche Vereinigung Bayern<br> Bezirksstelle Oberpfalz<br> Yorkstra\u00dfe 15<br> 93049 Regensburg<br> <a href=\"https:\/\/www.kvb.de\/\" target=\"_blank\" rel=\"noreferrer noopener\" aria-label=\"www.kvb.de (\u00f6ffnet in neuem Tab)\">www.kvb.de<\/a><\/p>\n\n\n\n<p><strong>Angaben zur Berufshaftpflichtversicherung<\/strong><br> Name und Sitz des Versicherers: Deutsche \u00c4rzteversicherung AG, Colonia-Allee 10-20, 51067 K\u00f6ln<br> Geltungsraum der Versicherung: Deutschland<\/p>\n\n\n\n<p><strong>Streitschlichtung<\/strong><br> Die Europ\u00e4ische Kommission stellt eine Plattform zur Online-Streitbeilegung (OS) bereit: https:\/\/ec.europa.eu\/consumers\/odr<br> Unsere E-Mail-Adresse finden Sie oben im Impressum.<br> Wir sind nicht bereit oder verpflichtet, an Streitbeilegungsverfahren vor einer Verbraucherschlichtungsstelle teilzunehmen. <\/p>\n\n\n\n<h3 class=\"wp-block-heading\">Urheberrecht<\/h3>\n\n\n\n<p>Die durch die Seitenbetreiber erstellten Inhalte und Werke auf diesen Seiten unterliegen dem deutschen Urheberrecht. Die Vervielf\u00e4ltigung, Bearbeitung, Verbreitung und jede Art der Verwertung au\u00dferhalb der Grenzen des Urheberrechtes bed\u00fcrfen der schriftlichen Zustimmung des jeweiligen Autors bzw. Erstellers. Downloads und Kopien dieser Seite sind nur f\u00fcr den privaten, nicht kommerziellen Gebrauch gestattet.<\/p>\n\n\n\n<p>Soweit die Inhalte auf dieser Seite nicht vom Betreiber erstellt wurden, werden die Urheberrechte Dritter beachtet. Insbesondere werden Inhalte Dritter als solche gekennzeichnet. Sollten Sie trotzdem auf eine Urheberrechtsverletzung aufmerksam werden, bitten wir um einen entsprechenden Hinweis. Bei Bekanntwerden von Rechtsverletzungen werden wir derartige Inhalte umgehend entfernen.<\/p>\n<\/div>\n<\/div><\/div>\n","protected":false},"excerpt":{"rendered":"","protected":false},"author":1,"featured_media":0,"parent":0,"menu_order":0,"comment_status":"closed","ping_status":"closed","template":"","meta":{"neve_meta_sidebar":"full-width","neve_meta_container":"","neve_meta_enable_content_width":"on","neve_meta_content_width":100,"neve_meta_title_alignment":"","neve_meta_author_avatar":"","neve_post_elements_order":"","neve_meta_disable_header":"","neve_meta_disable_footer":"","neve_meta_disable_title":"","_themeisle_gutenberg_block_has_review":false,"footnotes":""},"class_list":["post-35","page","type-page","status-publish","hentry"],"_links":{"self":[{"href":"https:\/\/hausarzt-brennberg.com\/index.php\/wp-json\/wp\/v2\/pages\/35"}],"collection":[{"href":"https:\/\/hausarzt-brennberg.com\/index.php\/wp-json\/wp\/v2\/pages"}],"about":[{"href":"https:\/\/hausarzt-brennberg.com\/index.php\/wp-json\/wp\/v2\/types\/page"}],"author":[{"embeddable":true,"href":"https:\/\/hausarzt-brennberg.com\/index.php\/wp-json\/wp\/v2\/users\/1"}],"replies":[{"embeddable":true,"href":"https:\/\/hausarzt-brennberg.com\/index.php\/wp-json\/wp\/v2\/comments?post=35"}],"version-history":[{"count":12,"href":"https:\/\/hausarzt-brennberg.com\/index.php\/wp-json\/wp\/v2\/pages\/35\/revisions"}],"predecessor-version":[{"id":154,"href":"https:\/\/hausarzt-brennberg.com\/index.php\/wp-json\/wp\/v2\/pages\/35\/revisions\/154"}],"wp:attachment":[{"href":"https:\/\/hausarzt-brennberg.com\/index.php\/wp-json\/wp\/v2\/media?parent=35"}],"curies":[{"name":"wp","href":"https:\/\/api.w.org\/{rel}","templated":true}]}}