{"id":21,"date":"2020-02-18T15:01:11","date_gmt":"2020-02-18T15:01:11","guid":{"rendered":"https:\/\/brennberg.net-fx.de\/?page_id=21"},"modified":"2026-03-16T11:12:59","modified_gmt":"2026-03-16T11:12:59","slug":"startseite","status":"publish","type":"page","link":"https:\/\/hausarzt-brennberg.com\/","title":{"rendered":"Startseite"},"content":{"rendered":"\n<div id=\"wp-block-themeisle-blocks-advanced-columns-c73b6c48\" class=\"wp-block-themeisle-blocks-advanced-columns has-2-columns has-desktop-equal-layout has-tablet-equal-layout has-mobile-collapsedRows-layout has-vertical-unset\"><div class=\"wp-block-themeisle-blocks-advanced-columns-overlay\"><\/div><div class=\"innerblocks-wrap\">\n<div id=\"wp-block-themeisle-blocks-advanced-column-9654941c\" class=\"wp-block-themeisle-blocks-advanced-column\">\n<p class=\"has-normal-font-size\">Liebe Patientinnen, liebe Patienten,<\/p>\n\n\n\n<p>wir freuen uns, wenn Sie sich bei uns gut aufgehoben f\u00fchlen. <br>Erg\u00e4nzend zum direkten Kontakt m\u00f6chten wir Ihnen mit dieser Seite einen Einblick in unser Spektrum geben und Sie \u00fcber aktuelle Themen und \u00c4nderungen informieren. Vielen Dank f\u00fcr Ihr Vertrauen, <\/p>\n\n\n\n<p><em>Dr. med. Jeannette Gr\u00e4bener-Kuhl mit Praxis-Team<\/em><\/p>\n\n\n\n<p class=\"has-text-align-center has-background\" style=\"background-color:#d4f6fe\"><br><strong>Osterurlaub<\/strong> <br>die Praxis ist vom <strong>07.04. &#8211; 10.04.2026<\/strong> geschlossen. <br><br> <br>Bitte beachten sie unsere ge\u00e4nderten<strong> Sprechzeiten ab 01.03.2026<\/strong><\/p>\n\n\n\n<p><\/p>\n\n\n\n<p><\/p>\n\n\n\n<p><\/p>\n\n\n\n<p><\/p>\n\n\n\n<p><\/p>\n\n\n\n<p><\/p>\n\n\n\n<p><\/p>\n\n\n\n<p><\/p>\n\n\n\n<p><\/p>\n\n\n\n<p><\/p>\n\n\n\n<p><\/p>\n\n\n\n<p><\/p>\n\n\n\n<p><\/p>\n\n\n\n<p><\/p>\n\n\n\n<p><\/p>\n\n\n\n<p><\/p>\n\n\n\n<p><\/p>\n\n\n\n<p><\/p>\n\n\n\n<p><\/p>\n\n\n\n<p><\/p>\n\n\n\n<p><\/p>\n\n\n\n<div class=\"wp-block-group\"><div class=\"wp-block-group__inner-container is-layout-flow wp-block-group-is-layout-flow\">\n<figure class=\"wp-block-table is-style-regular\"><table><thead><tr><th class=\"has-text-align-left\" data-align=\"left\">\u00d6ffnungszeiten:<\/th><th><\/th><th><\/th><th><\/th><th><\/th><\/tr><\/thead><tbody><tr><td class=\"has-text-align-left\" data-align=\"left\"><strong>Mo<\/strong>ntag<\/td><td>07:30 &#8211; 12:00<br>16:00 &#8211; 18:00<\/td><td><\/td><td><\/td><td><\/td><\/tr><tr><td class=\"has-text-align-left\" data-align=\"left\"><strong>Di<\/strong>enstag<\/td><td>14:00 &#8211; 18:00<\/td><td><\/td><td><\/td><td><\/td><\/tr><tr><td class=\"has-text-align-left\" data-align=\"left\"><strong>Mi<\/strong>ttwoch<\/td><td>07:30 &#8211; 12:00<\/td><td><\/td><td><\/td><td><\/td><\/tr><tr><td class=\"has-text-align-left\" data-align=\"left\"><strong>Do<\/strong>nnerstag<\/td><td>07:30 &#8211; 12:00<\/td><td><\/td><td><\/td><td><\/td><\/tr><tr><td class=\"has-text-align-left\" data-align=\"left\"> <strong>Fr<\/strong>eitag <\/td><td>07:30 &#8211; 12:00 <\/td><td><\/td><td><\/td><td><\/td><\/tr><tr><td class=\"has-text-align-left\" data-align=\"left\"><\/td><td><\/td><td><\/td><td><\/td><td><\/td><\/tr><\/tbody><\/table><\/figure>\n\n\n\n<p><\/p>\n\n\n\n<p><\/p>\n<\/div><\/div>\n<\/div>\n\n\n\n<div id=\"wp-block-themeisle-blocks-advanced-column-b09626c3\" class=\"wp-block-themeisle-blocks-advanced-column\">\n<figure class=\"wp-block-gallery has-nested-images columns-default is-cropped wp-block-gallery-1 is-layout-flex wp-block-gallery-is-layout-flex\"><\/figure>\n\n\n\n<p><\/p>\n\n\n\n<p class=\"has-text-align-center\"><\/p>\n\n\n\n<p class=\"has-background\" style=\"background-color:#e1f6ff\"> <strong>Haus\u00e4rztliche Praxis in Brennberg <\/strong><br> Dr. med. Jeannette Gr\u00e4bener-Kuhl  <br> Johannisstr. 5<br> 93179 Brennberg<\/p>\n\n\n\n<p><\/p>\n\n\n\n<p class=\"has-background\" style=\"background-color:#e1f6ff\"> <strong>Telefon:<\/strong>  09484 \/ 355<br> <strong>Telefax:<\/strong>  09484 \/ 952140<\/p>\n\n\n\n<p class=\"has-background\" style=\"background-color:#e1f6ff\"><strong> E-Mail:<\/strong> Praxis.Brennberg@web.de<\/p>\n\n\n\n<p><\/p>\n<\/div>\n<\/div><\/div>\n\n\n\n<p><\/p>\n","protected":false},"excerpt":{"rendered":"","protected":false},"author":1,"featured_media":0,"parent":0,"menu_order":0,"comment_status":"closed","ping_status":"closed","template":"","meta":{"neve_meta_sidebar":"full-width","neve_meta_container":"","neve_meta_enable_content_width":"on","neve_meta_content_width":100,"neve_meta_title_alignment":"","neve_meta_author_avatar":"","neve_post_elements_order":"","neve_meta_disable_header":"","neve_meta_disable_footer":"","neve_meta_disable_title":"on","_themeisle_gutenberg_block_has_review":false,"footnotes":""},"class_list":["post-21","page","type-page","status-publish","hentry"],"_links":{"self":[{"href":"https:\/\/hausarzt-brennberg.com\/index.php\/wp-json\/wp\/v2\/pages\/21"}],"collection":[{"href":"https:\/\/hausarzt-brennberg.com\/index.php\/wp-json\/wp\/v2\/pages"}],"about":[{"href":"https:\/\/hausarzt-brennberg.com\/index.php\/wp-json\/wp\/v2\/types\/page"}],"author":[{"embeddable":true,"href":"https:\/\/hausarzt-brennberg.com\/index.php\/wp-json\/wp\/v2\/users\/1"}],"replies":[{"embeddable":true,"href":"https:\/\/hausarzt-brennberg.com\/index.php\/wp-json\/wp\/v2\/comments?post=21"}],"version-history":[{"count":256,"href":"https:\/\/hausarzt-brennberg.com\/index.php\/wp-json\/wp\/v2\/pages\/21\/revisions"}],"predecessor-version":[{"id":623,"href":"https:\/\/hausarzt-brennberg.com\/index.php\/wp-json\/wp\/v2\/pages\/21\/revisions\/623"}],"wp:attachment":[{"href":"https:\/\/hausarzt-brennberg.com\/index.php\/wp-json\/wp\/v2\/media?parent=21"}],"curies":[{"name":"wp","href":"https:\/\/api.w.org\/{rel}","templated":true}]}}