{"id":135,"date":"2020-03-10T18:27:54","date_gmt":"2020-03-10T18:27:54","guid":{"rendered":"https:\/\/hausarzt-brennberg.com\/?page_id=135"},"modified":"2021-01-05T10:57:38","modified_gmt":"2021-01-05T10:57:38","slug":"vita","status":"publish","type":"page","link":"https:\/\/hausarzt-brennberg.com\/index.php\/vita\/","title":{"rendered":"Vita &#8211; Dr. med. Jeannette Gr\u00e4bener-Kuhl"},"content":{"rendered":"\n<div class=\"wp-block-themeisle-blocks-advanced-columns has-2-columns has-desktop-equal-layout has-tablet-equal-layout has-mobile-collapsedRows-layout has-default-gap has-vertical-unset\" id=\"wp-block-themeisle-blocks-advanced-columns-87123c69\"><div class=\"wp-block-themeisle-blocks-advanced-columns-overlay\"><\/div><div class=\"innerblocks-wrap\">\n<div class=\"wp-block-themeisle-blocks-advanced-column\" id=\"wp-block-themeisle-blocks-advanced-column-64eb24b9\">\n<p>1988 Abitur am Erzbisch\u00f6flichen St. Ursula Gymnasium,\nBr\u00fchl\/Rheinland<\/p>\n\n\n\n<p>Au-Pair-Aufenthalt in Mailand<\/p>\n\n\n\n<p>1990 bis 1996 Medizinstudium in Bonn, dabei Aufenthalte in Duarte-USA im Tumorzentrum City of Hope und in Cagliari-Italien<\/p>\n\n\n\n<p>1996-1999 AiP und Assistenz\u00e4rztin in Fachabteilung Kardiologie, Allgemeine Innere Medizin und internistische Intensivmedizin Marienhospital, Gelsenkirchen<\/p>\n\n\n\n<p>1999 bis 2000 Assistenz\u00e4rztin Innere Medizin und\nNotarztt\u00e4tigkeit in Kamillusklinik, Asbach <\/p>\n\n\n\n<p>04\/2001 Promotion \u00fcber Akute myeloische Leuk\u00e4mie Uniklinik zu K\u00f6ln<\/p>\n\n\n\n<p>Geburten der 3 Kinder<\/p>\n\n\n\n<p> 2004 \u2013 2007 Lehrt\u00e4tigkeit an Altenpflegeschule, Br\u00fchl <\/p>\n\n\n\n<p> 2014 \u2013 2016 Assistenzzeit f\u00fcr das Fach Allgemeinmedizin in Regensburg und Kallm\u00fcnz <\/p>\n<\/div>\n\n\n\n<div class=\"wp-block-themeisle-blocks-advanced-column\" id=\"wp-block-themeisle-blocks-advanced-column-09981be6\">\n<p> 2017 Anerkennung als Fach\u00e4rztin f\u00fcr Allgemeinmedizin <\/p>\n\n\n\n<p>05\/2017 &#8211; 06\/2019 Leitung der haus\u00e4rztlichen Filialpraxis in Brennberg <\/p>\n\n\n\n<p>07\/2019 Erwerb und Verlegung eines Hausarztsitzes nach Brennberg <\/p>\n\n\n\n<p><!--EndFragment--><\/p>\n<\/div>\n<\/div><\/div>\n","protected":false},"excerpt":{"rendered":"","protected":false},"author":1,"featured_media":0,"parent":0,"menu_order":0,"comment_status":"closed","ping_status":"closed","template":"","meta":{"neve_meta_sidebar":"full-width","neve_meta_container":"","neve_meta_enable_content_width":"on","neve_meta_content_width":100,"neve_meta_title_alignment":"","neve_meta_author_avatar":"","neve_post_elements_order":"","neve_meta_disable_header":"","neve_meta_disable_footer":"","neve_meta_disable_title":"","_themeisle_gutenberg_block_has_review":false,"footnotes":""},"class_list":["post-135","page","type-page","status-publish","hentry"],"_links":{"self":[{"href":"https:\/\/hausarzt-brennberg.com\/index.php\/wp-json\/wp\/v2\/pages\/135"}],"collection":[{"href":"https:\/\/hausarzt-brennberg.com\/index.php\/wp-json\/wp\/v2\/pages"}],"about":[{"href":"https:\/\/hausarzt-brennberg.com\/index.php\/wp-json\/wp\/v2\/types\/page"}],"author":[{"embeddable":true,"href":"https:\/\/hausarzt-brennberg.com\/index.php\/wp-json\/wp\/v2\/users\/1"}],"replies":[{"embeddable":true,"href":"https:\/\/hausarzt-brennberg.com\/index.php\/wp-json\/wp\/v2\/comments?post=135"}],"version-history":[{"count":8,"href":"https:\/\/hausarzt-brennberg.com\/index.php\/wp-json\/wp\/v2\/pages\/135\/revisions"}],"predecessor-version":[{"id":346,"href":"https:\/\/hausarzt-brennberg.com\/index.php\/wp-json\/wp\/v2\/pages\/135\/revisions\/346"}],"wp:attachment":[{"href":"https:\/\/hausarzt-brennberg.com\/index.php\/wp-json\/wp\/v2\/media?parent=135"}],"curies":[{"name":"wp","href":"https:\/\/api.w.org\/{rel}","templated":true}]}}